{"id":5256,"date":"2026-02-18T10:37:42","date_gmt":"2026-02-18T10:37:42","guid":{"rendered":"https:\/\/emigrandoalemania.com\/?page_id=5256"},"modified":"2026-03-19T10:37:11","modified_gmt":"2026-03-19T10:37:11","slug":"todos-los-articulos-url","status":"publish","type":"page","link":"https:\/\/emigrandoalemania.com\/es_es\/todos-los-articulos-url\/","title":{"rendered":"Todos los articulos"},"content":{"rendered":"\t\t<div data-elementor-type=\"wp-page\" data-elementor-id=\"5256\" class=\"elementor elementor-5256\" data-elementor-post-type=\"page\">\n\t\t\t\t<div class=\"elementor-element elementor-element-8a58022 e-flex e-con-boxed e-con e-parent\" data-id=\"8a58022\" data-element_type=\"container\" data-e-type=\"container\">\n\t\t\t\t\t<div class=\"e-con-inner\">\n\t\t\t\t<div class=\"elementor-element elementor-element-8fbfa73 elementor-grid-3 elementor-grid-tablet-2 elementor-grid-mobile-1 elementor-widget elementor-widget-loop-grid\" data-id=\"8fbfa73\" data-element_type=\"widget\" data-e-type=\"widget\" data-settings=\"{&quot;template_id&quot;:5258,&quot;pagination_type&quot;:&quot;numbers&quot;,&quot;_skin&quot;:&quot;post&quot;,&quot;columns&quot;:&quot;3&quot;,&quot;columns_tablet&quot;:&quot;2&quot;,&quot;columns_mobile&quot;:&quot;1&quot;,&quot;edit_handle_selector&quot;:&quot;[data-elementor-type=\\&quot;loop-item\\&quot;]&quot;,&quot;pagination_load_type&quot;:&quot;page_reload&quot;,&quot;row_gap&quot;:{&quot;unit&quot;:&quot;px&quot;,&quot;size&quot;:&quot;&quot;,&quot;sizes&quot;:[]},&quot;row_gap_tablet&quot;:{&quot;unit&quot;:&quot;px&quot;,&quot;size&quot;:&quot;&quot;,&quot;sizes&quot;:[]},&quot;row_gap_mobile&quot;:{&quot;unit&quot;:&quot;px&quot;,&quot;size&quot;:&quot;&quot;,&quot;sizes&quot;:[]}}\" data-widget_type=\"loop-grid.post\">\n\t\t\t\t<div class=\"elementor-widget-container\">\n\t\t\t\t\t\t\t<div class=\"elementor-loop-container elementor-grid\" role=\"list\">\n\t\t<style id=\"loop-5258\">.elementor-5258 .elementor-element.elementor-element-4aa782d{--display:flex;}.elementor-5258 .elementor-element.elementor-element-804181c .elementor-cta__content{min-height:426px;text-align:center;}.elementor-5258 .elementor-element.elementor-element-804181c .elementor-cta__title{text-shadow:0px 0px 10px rgba(0,0,0,0.3);}.elementor-5258 .elementor-element.elementor-element-804181c .elementor-cta__content-item{transition-duration:1000ms;}.elementor-5258 .elementor-element.elementor-element-804181c.elementor-cta--sequenced-animation .elementor-cta__content-item:nth-child(2){transition-delay:calc( 1000ms \/ 3 );}.elementor-5258 .elementor-element.elementor-element-804181c.elementor-cta--sequenced-animation .elementor-cta__content-item:nth-child(3){transition-delay:calc( ( 1000ms \/ 3 ) * 2 );}.elementor-5258 .elementor-element.elementor-element-804181c.elementor-cta--sequenced-animation .elementor-cta__content-item:nth-child(4){transition-delay:calc( ( 1000ms \/ 3 ) * 3 );}.elementor-5258 .elementor-element.elementor-element-804181c .elementor-cta:not(:hover) .elementor-cta__bg-overlay{background-color:#02010147;}.elementor-5258 .elementor-element.elementor-element-804181c .elementor-cta .elementor-cta__bg, .elementor-5258 .elementor-element.elementor-element-804181c .elementor-cta .elementor-cta__bg-overlay{transition-duration:1500ms;}<\/style>\t\t<div data-elementor-type=\"loop-item\" data-elementor-id=\"5258\" class=\"elementor elementor-5258 e-loop-item e-loop-item-5483 post-5483 post type-post status-publish format-standard has-post-thumbnail hentry category-otros category-trabajo\" data-elementor-post-type=\"elementor_library\" data-custom-edit-handle=\"1\">\n\t\t\t<div class=\"elementor-element elementor-element-4aa782d e-flex e-con-boxed e-con e-parent\" data-id=\"4aa782d\" data-element_type=\"container\" data-e-type=\"container\">\n\t\t\t\t\t<div class=\"e-con-inner\">\n\t\t\t\t<div class=\"elementor-element elementor-element-804181c elementor-cta--skin-cover elementor-animated-content elementor-bg-transform elementor-bg-transform-zoom-in elementor-widget elementor-widget-call-to-action\" data-id=\"804181c\" data-element_type=\"widget\" data-e-type=\"widget\" data-widget_type=\"call-to-action.default\">\n\t\t\t\t<div class=\"elementor-widget-container\">\n\t\t\t\t\t\t\t<div class=\"elementor-cta\">\n\t\t\t\t\t<div class=\"elementor-cta__bg-wrapper\">\n\t\t\t\t<div class=\"elementor-cta__bg elementor-bg lazyload\" style=\"background-image:inherit;\" role=\"img\" aria-label=\"ChatGPT Image 21 mar 2026, 18_57_47\" data-bg-image=\"url(https:\/\/emigrandoalemania.com\/wp-content\/uploads\/2026\/03\/ChatGPT-Image-21-mar-2026-18_57_47-1024x960.png)\"><\/div>\n\t\t\t\t<div class=\"elementor-cta__bg-overlay\"><\/div>\n\t\t\t<\/div>\n\t\t\t\t\t\t\t<div class=\"elementor-cta__content\">\n\t\t\t\t\n\t\t\t\t\t\t\t\t\t<h1 class=\"elementor-cta__title elementor-cta__content-item elementor-content-item elementor-animated-item--grow\">\n\t\t\t\t\t\t10 cosas que nadie te dice antes de mudarte a Alemania (y deber\u00edas saber)\t\t\t\t\t<\/h1>\n\t\t\t\t\n\t\t\t\t\n\t\t\t\t\t\t\t\t\t<div class=\"elementor-cta__button-wrapper elementor-cta__content-item elementor-content-item elementor-animated-item--grow\">\n\t\t\t\t\t<a class=\"elementor-cta__button elementor-button elementor-size-\" href=\"https:\/\/emigrandoalemania.com\/es_es\/mudarte-a-alemania-consejos\/\">\n\t\t\t\t\t\tHaz clic aqu\u00ed\t\t\t\t\t<\/a>\n\t\t\t\t\t<\/div>\n\t\t\t\t\t\t\t<\/div>\n\t\t\t\t\t\t<\/div>\n\t\t\t\t\t\t<\/div>\n\t\t\t\t<\/div>\n\t\t\t\t\t<\/div>\n\t\t\t\t<\/div>\n\t\t\t\t<\/div>\n\t\t\t\t<div data-elementor-type=\"loop-item\" data-elementor-id=\"5258\" class=\"elementor elementor-5258 e-loop-item e-loop-item-5396 post-5396 post type-post status-publish format-standard has-post-thumbnail hentry category-viajes\" data-elementor-post-type=\"elementor_library\" data-custom-edit-handle=\"1\">\n\t\t\t<div class=\"elementor-element elementor-element-4aa782d e-flex e-con-boxed e-con e-parent\" data-id=\"4aa782d\" data-element_type=\"container\" data-e-type=\"container\">\n\t\t\t\t\t<div class=\"e-con-inner\">\n\t\t\t\t<div class=\"elementor-element elementor-element-804181c elementor-cta--skin-cover elementor-animated-content elementor-bg-transform elementor-bg-transform-zoom-in elementor-widget elementor-widget-call-to-action\" data-id=\"804181c\" data-element_type=\"widget\" data-e-type=\"widget\" data-widget_type=\"call-to-action.default\">\n\t\t\t\t<div class=\"elementor-widget-container\">\n\t\t\t\t\t\t\t<div class=\"elementor-cta\">\n\t\t\t\t\t<div class=\"elementor-cta__bg-wrapper\">\n\t\t\t\t<div class=\"elementor-cta__bg elementor-bg lazyload\" style=\"background-image:inherit;\" role=\"img\" aria-label=\"florian-wehde-1uWanmgkd5g-unsplash\" data-bg-image=\"url(https:\/\/emigrandoalemania.com\/wp-content\/uploads\/2026\/02\/florian-wehde-1uWanmgkd5g-unsplash-1024x683.jpg)\"><\/div>\n\t\t\t\t<div class=\"elementor-cta__bg-overlay\"><\/div>\n\t\t\t<\/div>\n\t\t\t\t\t\t\t<div class=\"elementor-cta__content\">\n\t\t\t\t\n\t\t\t\t\t\t\t\t\t<h1 class=\"elementor-cta__title elementor-cta__content-item elementor-content-item elementor-animated-item--grow\">\n\t\t\t\t\t\t5 lugares imprescindibles para visitar en Berl\u00edn\t\t\t\t\t<\/h1>\n\t\t\t\t\n\t\t\t\t\n\t\t\t\t\t\t\t\t\t<div class=\"elementor-cta__button-wrapper elementor-cta__content-item elementor-content-item elementor-animated-item--grow\">\n\t\t\t\t\t<a class=\"elementor-cta__button elementor-button elementor-size-\" href=\"https:\/\/emigrandoalemania.com\/es_es\/lugares-para-visitar-berlin\/\">\n\t\t\t\t\t\tHaz clic aqu\u00ed\t\t\t\t\t<\/a>\n\t\t\t\t\t<\/div>\n\t\t\t\t\t\t\t<\/div>\n\t\t\t\t\t\t<\/div>\n\t\t\t\t\t\t<\/div>\n\t\t\t\t<\/div>\n\t\t\t\t\t<\/div>\n\t\t\t\t<\/div>\n\t\t\t\t<\/div>\n\t\t\t\t<div data-elementor-type=\"loop-item\" data-elementor-id=\"5258\" class=\"elementor elementor-5258 e-loop-item e-loop-item-5385 post-5385 post type-post status-publish format-standard has-post-thumbnail hentry category-visas\" data-elementor-post-type=\"elementor_library\" data-custom-edit-handle=\"1\">\n\t\t\t<div class=\"elementor-element elementor-element-4aa782d e-flex e-con-boxed e-con e-parent\" data-id=\"4aa782d\" data-element_type=\"container\" data-e-type=\"container\">\n\t\t\t\t\t<div class=\"e-con-inner\">\n\t\t\t\t<div class=\"elementor-element elementor-element-804181c elementor-cta--skin-cover elementor-animated-content elementor-bg-transform elementor-bg-transform-zoom-in elementor-widget elementor-widget-call-to-action\" data-id=\"804181c\" data-element_type=\"widget\" data-e-type=\"widget\" data-widget_type=\"call-to-action.default\">\n\t\t\t\t<div class=\"elementor-widget-container\">\n\t\t\t\t\t\t\t<div class=\"elementor-cta\">\n\t\t\t\t\t<div class=\"elementor-cta__bg-wrapper\">\n\t\t\t\t<div class=\"elementor-cta__bg elementor-bg lazyload\" style=\"background-image:inherit;\" role=\"img\" aria-label=\"Documentos de inmigracio\u0301n alemanes en escritorio\" data-bg-image=\"url(https:\/\/emigrandoalemania.com\/wp-content\/uploads\/2026\/02\/Documentos-de-inmigracion-alemanes-en-escritorio-1024x683.png)\"><\/div>\n\t\t\t\t<div class=\"elementor-cta__bg-overlay\"><\/div>\n\t\t\t<\/div>\n\t\t\t\t\t\t\t<div class=\"elementor-cta__content\">\n\t\t\t\t\n\t\t\t\t\t\t\t\t\t<h1 class=\"elementor-cta__title elementor-cta__content-item elementor-content-item elementor-animated-item--grow\">\n\t\t\t\t\t\t\u00bfQu\u00e9 es la chancenkarte (tarjeta de oportunidad) y c\u00f3mo se consigue?\t\t\t\t\t<\/h1>\n\t\t\t\t\n\t\t\t\t\n\t\t\t\t\t\t\t\t\t<div class=\"elementor-cta__button-wrapper elementor-cta__content-item elementor-content-item elementor-animated-item--grow\">\n\t\t\t\t\t<a class=\"elementor-cta__button elementor-button elementor-size-\" href=\"https:\/\/emigrandoalemania.com\/es_es\/chancenkarte-alemania\/\">\n\t\t\t\t\t\tHaz clic aqu\u00ed\t\t\t\t\t<\/a>\n\t\t\t\t\t<\/div>\n\t\t\t\t\t\t\t<\/div>\n\t\t\t\t\t\t<\/div>\n\t\t\t\t\t\t<\/div>\n\t\t\t\t<\/div>\n\t\t\t\t\t<\/div>\n\t\t\t\t<\/div>\n\t\t\t\t<\/div>\n\t\t\t\t<div data-elementor-type=\"loop-item\" data-elementor-id=\"5258\" class=\"elementor elementor-5258 e-loop-item e-loop-item-5006 post-5006 post type-post status-publish format-standard has-post-thumbnail hentry category-otros\" data-elementor-post-type=\"elementor_library\" data-custom-edit-handle=\"1\">\n\t\t\t<div class=\"elementor-element elementor-element-4aa782d e-flex e-con-boxed e-con e-parent\" data-id=\"4aa782d\" data-element_type=\"container\" data-e-type=\"container\">\n\t\t\t\t\t<div class=\"e-con-inner\">\n\t\t\t\t<div class=\"elementor-element elementor-element-804181c elementor-cta--skin-cover elementor-animated-content elementor-bg-transform elementor-bg-transform-zoom-in elementor-widget elementor-widget-call-to-action\" data-id=\"804181c\" data-element_type=\"widget\" data-e-type=\"widget\" data-widget_type=\"call-to-action.default\">\n\t\t\t\t<div class=\"elementor-widget-container\">\n\t\t\t\t\t\t\t<div class=\"elementor-cta\">\n\t\t\t\t\t<div class=\"elementor-cta__bg-wrapper\">\n\t\t\t\t<div class=\"elementor-cta__bg elementor-bg lazyload\" style=\"background-image:inherit;\" role=\"img\" aria-label=\"pexels-polina-tankilevitch-6928878\" data-bg-image=\"url(https:\/\/emigrandoalemania.com\/wp-content\/uploads\/2026\/02\/pexels-polina-tankilevitch-6928878-1024x683.jpg)\"><\/div>\n\t\t\t\t<div class=\"elementor-cta__bg-overlay\"><\/div>\n\t\t\t<\/div>\n\t\t\t\t\t\t\t<div class=\"elementor-cta__content\">\n\t\t\t\t\n\t\t\t\t\t\t\t\t\t<h1 class=\"elementor-cta__title elementor-cta__content-item elementor-content-item elementor-animated-item--grow\">\n\t\t\t\t\t\tComo hacer la devolucion de impuestos\t\t\t\t\t<\/h1>\n\t\t\t\t\n\t\t\t\t\n\t\t\t\t\t\t\t\t\t<div class=\"elementor-cta__button-wrapper elementor-cta__content-item elementor-content-item elementor-animated-item--grow\">\n\t\t\t\t\t<a class=\"elementor-cta__button elementor-button elementor-size-\" href=\"https:\/\/emigrandoalemania.com\/es_es\/como-hacer-la-devolucion-de-impuestos\/\">\n\t\t\t\t\t\tHaz clic aqu\u00ed\t\t\t\t\t<\/a>\n\t\t\t\t\t<\/div>\n\t\t\t\t\t\t\t<\/div>\n\t\t\t\t\t\t<\/div>\n\t\t\t\t\t\t<\/div>\n\t\t\t\t<\/div>\n\t\t\t\t\t<\/div>\n\t\t\t\t<\/div>\n\t\t\t\t<\/div>\n\t\t\t\t<div data-elementor-type=\"loop-item\" data-elementor-id=\"5258\" class=\"elementor elementor-5258 e-loop-item e-loop-item-4780 post-4780 post type-post status-publish format-standard has-post-thumbnail hentry category-otros tag-recienllegado\" data-elementor-post-type=\"elementor_library\" data-custom-edit-handle=\"1\">\n\t\t\t<div class=\"elementor-element elementor-element-4aa782d e-flex e-con-boxed e-con e-parent\" data-id=\"4aa782d\" data-element_type=\"container\" data-e-type=\"container\">\n\t\t\t\t\t<div class=\"e-con-inner\">\n\t\t\t\t<div class=\"elementor-element elementor-element-804181c elementor-cta--skin-cover elementor-animated-content elementor-bg-transform elementor-bg-transform-zoom-in elementor-widget elementor-widget-call-to-action\" data-id=\"804181c\" data-element_type=\"widget\" data-e-type=\"widget\" data-widget_type=\"call-to-action.default\">\n\t\t\t\t<div class=\"elementor-widget-container\">\n\t\t\t\t\t\t\t<div class=\"elementor-cta\">\n\t\t\t\t\t<div class=\"elementor-cta__bg-wrapper\">\n\t\t\t\t<div class=\"elementor-cta__bg elementor-bg lazyload\" style=\"background-image:inherit;\" role=\"img\" aria-label=\"A yellow articulated tram rides through a Berlin street with motion blur and historical buildings in the background, blending transport modernity with architectural heritage.\" data-bg-image=\"url(https:\/\/emigrandoalemania.com\/wp-content\/uploads\/2026\/01\/long-tram-berlin-street-urban-transport-historical-city-style-1024x683.jpg)\"><\/div>\n\t\t\t\t<div class=\"elementor-cta__bg-overlay\"><\/div>\n\t\t\t<\/div>\n\t\t\t\t\t\t\t<div class=\"elementor-cta__content\">\n\t\t\t\t\n\t\t\t\t\t\t\t\t\t<h1 class=\"elementor-cta__title elementor-cta__content-item elementor-content-item elementor-animated-item--grow\">\n\t\t\t\t\t\tC\u00f3mo comprar el Deutschlandticket (D-Ticket): gu\u00eda f\u00e1cil y actualizada paso a paso\t\t\t\t\t<\/h1>\n\t\t\t\t\n\t\t\t\t\n\t\t\t\t\t\t\t\t\t<div class=\"elementor-cta__button-wrapper elementor-cta__content-item elementor-content-item elementor-animated-item--grow\">\n\t\t\t\t\t<a class=\"elementor-cta__button elementor-button elementor-size-\" href=\"https:\/\/emigrandoalemania.com\/es_es\/deutschlandticket-paso-a-paso\/\">\n\t\t\t\t\t\tHaz clic aqu\u00ed\t\t\t\t\t<\/a>\n\t\t\t\t\t<\/div>\n\t\t\t\t\t\t\t<\/div>\n\t\t\t\t\t\t<\/div>\n\t\t\t\t\t\t<\/div>\n\t\t\t\t<\/div>\n\t\t\t\t\t<\/div>\n\t\t\t\t<\/div>\n\t\t\t\t<\/div>\n\t\t\t\t<div data-elementor-type=\"loop-item\" data-elementor-id=\"5258\" class=\"elementor elementor-5258 e-loop-item e-loop-item-4473 post-4473 post type-post status-publish format-standard has-post-thumbnail hentry category-visas\" data-elementor-post-type=\"elementor_library\" data-custom-edit-handle=\"1\">\n\t\t\t<div class=\"elementor-element elementor-element-4aa782d e-flex e-con-boxed e-con e-parent\" data-id=\"4aa782d\" data-element_type=\"container\" data-e-type=\"container\">\n\t\t\t\t\t<div class=\"e-con-inner\">\n\t\t\t\t<div class=\"elementor-element elementor-element-804181c elementor-cta--skin-cover elementor-animated-content elementor-bg-transform elementor-bg-transform-zoom-in elementor-widget elementor-widget-call-to-action\" data-id=\"804181c\" data-element_type=\"widget\" data-e-type=\"widget\" data-widget_type=\"call-to-action.default\">\n\t\t\t\t<div class=\"elementor-widget-container\">\n\t\t\t\t\t\t\t<div class=\"elementor-cta\">\n\t\t\t\t\t<div class=\"elementor-cta__bg-wrapper\">\n\t\t\t\t<div class=\"elementor-cta__bg elementor-bg lazyload\" style=\"background-image:inherit;\" role=\"img\" aria-label=\"Screenshot 2025-12-31 at 13.48.57\" data-bg-image=\"url(https:\/\/emigrandoalemania.com\/wp-content\/uploads\/2025\/12\/Screenshot-2025-12-31-at-13.48.57-1024x563.png)\"><\/div>\n\t\t\t\t<div class=\"elementor-cta__bg-overlay\"><\/div>\n\t\t\t<\/div>\n\t\t\t\t\t\t\t<div class=\"elementor-cta__content\">\n\t\t\t\t\n\t\t\t\t\t\t\t\t\t<h1 class=\"elementor-cta__title elementor-cta__content-item elementor-content-item elementor-animated-item--grow\">\n\t\t\t\t\t\tWork and Holiday Visa en Alemania: Qu\u00e9 es, c\u00f3mo aplicar y todo lo que necesitas saber\t\t\t\t\t<\/h1>\n\t\t\t\t\n\t\t\t\t\n\t\t\t\t\t\t\t\t\t<div class=\"elementor-cta__button-wrapper elementor-cta__content-item elementor-content-item elementor-animated-item--grow\">\n\t\t\t\t\t<a class=\"elementor-cta__button elementor-button elementor-size-\" href=\"https:\/\/emigrandoalemania.com\/es_es\/work-and-holiday-visa-alemania\/\">\n\t\t\t\t\t\tHaz clic aqu\u00ed\t\t\t\t\t<\/a>\n\t\t\t\t\t<\/div>\n\t\t\t\t\t\t\t<\/div>\n\t\t\t\t\t\t<\/div>\n\t\t\t\t\t\t<\/div>\n\t\t\t\t<\/div>\n\t\t\t\t\t<\/div>\n\t\t\t\t<\/div>\n\t\t\t\t<\/div>\n\t\t\t\t<\/div>\n\t\t\n\t\t\t\t<div class=\"e-load-more-anchor\" data-page=\"1\" data-max-page=\"4\" data-next-page=\"https:\/\/emigrandoalemania.com\/es_es\/wp-json\/wp\/v2\/pages\/5256\/page\/2\/\"><\/div>\n\t\t\t\t<nav class=\"elementor-pagination\" aria-label=\"Paginaci\u00f3n\">\n\t\t\t<span aria-current=\"page\" class=\"page-numbers current\"><span class=\"elementor-screen-only\">P\u00e1gina<\/span>1<\/span>\n<a class=\"page-numbers\" href=\"https:\/\/emigrandoalemania.com\/es_es\/wp-json\/wp\/v2\/pages\/5256\/page\/2\/\"><span class=\"elementor-screen-only\">P\u00e1gina<\/span>2<\/a>\n<a class=\"page-numbers\" href=\"https:\/\/emigrandoalemania.com\/es_es\/wp-json\/wp\/v2\/pages\/5256\/page\/3\/\"><span class=\"elementor-screen-only\">P\u00e1gina<\/span>3<\/a>\n<a class=\"page-numbers\" href=\"https:\/\/emigrandoalemania.com\/es_es\/wp-json\/wp\/v2\/pages\/5256\/page\/4\/\"><span class=\"elementor-screen-only\">P\u00e1gina<\/span>4<\/a>\t\t<\/nav>\n\t\t\t\t\t\t<\/div>\n\t\t\t\t<\/div>\n\t\t\t\t\t<\/div>\n\t\t\t\t<\/div>\n\t\t\t\t<\/div>\n\t\t","protected":false},"excerpt":{"rendered":"","protected":false},"author":1,"featured_media":0,"parent":0,"menu_order":0,"comment_status":"closed","ping_status":"closed","template":"","meta":{"_monsterinsights_skip_tracking":false,"_monsterinsights_sitenote_active":false,"_monsterinsights_sitenote_note":"","_monsterinsights_sitenote_category":0,"footnotes":""},"class_list":["post-5256","page","type-page","status-publish","hentry"],"yoast_head":"<!-- This site is optimized with the Yoast SEO plugin v27.2 - https:\/\/yoast.com\/product\/yoast-seo-wordpress\/ -->\n<title>Todos los articulos - Emigrando a Alemania<\/title>\n<meta name=\"robots\" content=\"index, follow, max-snippet:-1, max-image-preview:large, max-video-preview:-1\" \/>\n<link rel=\"canonical\" href=\"https:\/\/emigrandoalemania.com\/es_es\/todos-los-articulos-url\/\" \/>\n<meta property=\"og:locale\" content=\"es_ES\" \/>\n<meta property=\"og:type\" content=\"article\" \/>\n<meta property=\"og:title\" content=\"Todos los articulos - Emigrando a Alemania\" \/>\n<meta property=\"og:url\" content=\"https:\/\/emigrandoalemania.com\/es_es\/todos-los-articulos-url\/\" \/>\n<meta property=\"og:site_name\" content=\"Emigrando a Alemania\" \/>\n<meta property=\"article:modified_time\" content=\"2026-03-19T10:37:11+00:00\" \/>\n<meta name=\"twitter:card\" content=\"summary_large_image\" \/>\n<meta name=\"twitter:label1\" content=\"Tiempo de lectura\" \/>\n\t<meta name=\"twitter:data1\" content=\"1 minuto\" \/>\n<script type=\"application\/ld+json\" class=\"yoast-schema-graph\">{\"@context\":\"https:\/\/schema.org\",\"@graph\":[{\"@type\":\"WebPage\",\"@id\":\"https:\/\/emigrandoalemania.com\/todos-los-articulos-url\/\",\"url\":\"https:\/\/emigrandoalemania.com\/todos-los-articulos-url\/\",\"name\":\"Todos los articulos - Emigrando a Alemania\",\"isPartOf\":{\"@id\":\"https:\/\/emigrandoalemania.com\/#website\"},\"datePublished\":\"2026-02-18T10:37:42+00:00\",\"dateModified\":\"2026-03-19T10:37:11+00:00\",\"breadcrumb\":{\"@id\":\"https:\/\/emigrandoalemania.com\/todos-los-articulos-url\/#breadcrumb\"},\"inLanguage\":\"es\",\"potentialAction\":[{\"@type\":\"ReadAction\",\"target\":[\"https:\/\/emigrandoalemania.com\/todos-los-articulos-url\/\"]}]},{\"@type\":\"BreadcrumbList\",\"@id\":\"https:\/\/emigrandoalemania.com\/todos-los-articulos-url\/#breadcrumb\",\"itemListElement\":[{\"@type\":\"ListItem\",\"position\":1,\"name\":\"Home\",\"item\":\"https:\/\/emigrandoalemania.com\/\"},{\"@type\":\"ListItem\",\"position\":2,\"name\":\"Todos los articulos\"}]},{\"@type\":\"WebSite\",\"@id\":\"https:\/\/emigrandoalemania.com\/#website\",\"url\":\"https:\/\/emigrandoalemania.com\/\",\"name\":\"EMIGRANDO a ALEMANIA\",\"description\":\"\",\"publisher\":{\"@id\":\"https:\/\/emigrandoalemania.com\/#\/schema\/person\/9ee5ae2602d0ae5c31a93e713fb9cd77\"},\"potentialAction\":[{\"@type\":\"SearchAction\",\"target\":{\"@type\":\"EntryPoint\",\"urlTemplate\":\"https:\/\/emigrandoalemania.com\/?s={search_term_string}\"},\"query-input\":{\"@type\":\"PropertyValueSpecification\",\"valueRequired\":true,\"valueName\":\"search_term_string\"}}],\"inLanguage\":\"es\"},{\"@type\":[\"Person\",\"Organization\"],\"@id\":\"https:\/\/emigrandoalemania.com\/#\/schema\/person\/9ee5ae2602d0ae5c31a93e713fb9cd77\",\"name\":\"1travelando1@gmail.com\",\"image\":{\"@type\":\"ImageObject\",\"inLanguage\":\"es\",\"@id\":\"https:\/\/emigrandoalemania.com\/wp-content\/uploads\/2025\/01\/Green-and-Orange-Woman-Musicians-Facebook-Cover-1.png\",\"url\":\"https:\/\/emigrandoalemania.com\/wp-content\/uploads\/2025\/01\/Green-and-Orange-Woman-Musicians-Facebook-Cover-1.png\",\"contentUrl\":\"https:\/\/emigrandoalemania.com\/wp-content\/uploads\/2025\/01\/Green-and-Orange-Woman-Musicians-Facebook-Cover-1.png\",\"width\":851,\"height\":315,\"caption\":\"1travelando1@gmail.com\"},\"logo\":{\"@id\":\"https:\/\/emigrandoalemania.com\/wp-content\/uploads\/2025\/01\/Green-and-Orange-Woman-Musicians-Facebook-Cover-1.png\"},\"sameAs\":[\"http:\/\/emigrandoalemania.com\"]}]}<\/script>\n<!-- \/ Yoast SEO plugin. -->","yoast_head_json":{"title":"Todos los articulos - Emigrando a Alemania","robots":{"index":"index","follow":"follow","max-snippet":"max-snippet:-1","max-image-preview":"max-image-preview:large","max-video-preview":"max-video-preview:-1"},"canonical":"https:\/\/emigrandoalemania.com\/es_es\/todos-los-articulos-url\/","og_locale":"es_ES","og_type":"article","og_title":"Todos los articulos - Emigrando a Alemania","og_url":"https:\/\/emigrandoalemania.com\/es_es\/todos-los-articulos-url\/","og_site_name":"Emigrando a Alemania","article_modified_time":"2026-03-19T10:37:11+00:00","twitter_card":"summary_large_image","twitter_misc":{"Tiempo de lectura":"1 minuto"},"schema":{"@context":"https:\/\/schema.org","@graph":[{"@type":"WebPage","@id":"https:\/\/emigrandoalemania.com\/todos-los-articulos-url\/","url":"https:\/\/emigrandoalemania.com\/todos-los-articulos-url\/","name":"Todos los articulos - Emigrando a Alemania","isPartOf":{"@id":"https:\/\/emigrandoalemania.com\/#website"},"datePublished":"2026-02-18T10:37:42+00:00","dateModified":"2026-03-19T10:37:11+00:00","breadcrumb":{"@id":"https:\/\/emigrandoalemania.com\/todos-los-articulos-url\/#breadcrumb"},"inLanguage":"es","potentialAction":[{"@type":"ReadAction","target":["https:\/\/emigrandoalemania.com\/todos-los-articulos-url\/"]}]},{"@type":"BreadcrumbList","@id":"https:\/\/emigrandoalemania.com\/todos-los-articulos-url\/#breadcrumb","itemListElement":[{"@type":"ListItem","position":1,"name":"Home","item":"https:\/\/emigrandoalemania.com\/"},{"@type":"ListItem","position":2,"name":"Todos los articulos"}]},{"@type":"WebSite","@id":"https:\/\/emigrandoalemania.com\/#website","url":"https:\/\/emigrandoalemania.com\/","name":"EMIGRANDO a ALEMANIA","description":"","publisher":{"@id":"https:\/\/emigrandoalemania.com\/#\/schema\/person\/9ee5ae2602d0ae5c31a93e713fb9cd77"},"potentialAction":[{"@type":"SearchAction","target":{"@type":"EntryPoint","urlTemplate":"https:\/\/emigrandoalemania.com\/?s={search_term_string}"},"query-input":{"@type":"PropertyValueSpecification","valueRequired":true,"valueName":"search_term_string"}}],"inLanguage":"es"},{"@type":["Person","Organization"],"@id":"https:\/\/emigrandoalemania.com\/#\/schema\/person\/9ee5ae2602d0ae5c31a93e713fb9cd77","name":"1travelando1@gmail.com","image":{"@type":"ImageObject","inLanguage":"es","@id":"https:\/\/emigrandoalemania.com\/wp-content\/uploads\/2025\/01\/Green-and-Orange-Woman-Musicians-Facebook-Cover-1.png","url":"https:\/\/emigrandoalemania.com\/wp-content\/uploads\/2025\/01\/Green-and-Orange-Woman-Musicians-Facebook-Cover-1.png","contentUrl":"https:\/\/emigrandoalemania.com\/wp-content\/uploads\/2025\/01\/Green-and-Orange-Woman-Musicians-Facebook-Cover-1.png","width":851,"height":315,"caption":"1travelando1@gmail.com"},"logo":{"@id":"https:\/\/emigrandoalemania.com\/wp-content\/uploads\/2025\/01\/Green-and-Orange-Woman-Musicians-Facebook-Cover-1.png"},"sameAs":["http:\/\/emigrandoalemania.com"]}]}},"_links":{"self":[{"href":"https:\/\/emigrandoalemania.com\/es_es\/wp-json\/wp\/v2\/pages\/5256","targetHints":{"allow":["GET"]}}],"collection":[{"href":"https:\/\/emigrandoalemania.com\/es_es\/wp-json\/wp\/v2\/pages"}],"about":[{"href":"https:\/\/emigrandoalemania.com\/es_es\/wp-json\/wp\/v2\/types\/page"}],"author":[{"embeddable":true,"href":"https:\/\/emigrandoalemania.com\/es_es\/wp-json\/wp\/v2\/users\/1"}],"replies":[{"embeddable":true,"href":"https:\/\/emigrandoalemania.com\/es_es\/wp-json\/wp\/v2\/comments?post=5256"}],"version-history":[{"count":19,"href":"https:\/\/emigrandoalemania.com\/es_es\/wp-json\/wp\/v2\/pages\/5256\/revisions"}],"predecessor-version":[{"id":5714,"href":"https:\/\/emigrandoalemania.com\/es_es\/wp-json\/wp\/v2\/pages\/5256\/revisions\/5714"}],"wp:attachment":[{"href":"https:\/\/emigrandoalemania.com\/es_es\/wp-json\/wp\/v2\/media?parent=5256"}],"curies":[{"name":"wp","href":"https:\/\/api.w.org\/{rel}","templated":true}]}}